{"id":6,"date":"2017-01-04T17:29:34","date_gmt":"2017-01-04T16:29:34","guid":{"rendered":"http:\/\/www.gbollaert.eu\/emile-bollaert\/?page_id=6"},"modified":"2024-05-07T11:29:11","modified_gmt":"2024-05-07T09:29:11","slug":"emile-bollaert-dit-baudoin","status":"publish","type":"page","link":"https:\/\/www.gbollaert.eu\/emile-bollaert\/","title":{"rendered":"\u00c9mile Bollaert (dit Baudoin)"},"content":{"rendered":"\n<div class=\"wp-block-media-text alignwide is-stacked-on-mobile\" style=\"grid-template-columns:52% auto\"><figure class=\"wp-block-media-text__media\"><img loading=\"lazy\" decoding=\"async\" width=\"351\" height=\"492\" src=\"https:\/\/www.gbollaert.eu\/emile-bollaert\/wp-content\/uploads\/2017\/01\/Emile-Bollaert.jpg\" alt=\"\" class=\"wp-image-85 size-full\" srcset=\"https:\/\/www.gbollaert.eu\/emile-bollaert\/wp-content\/uploads\/2017\/01\/Emile-Bollaert.jpg 351w, https:\/\/www.gbollaert.eu\/emile-bollaert\/wp-content\/uploads\/2017\/01\/Emile-Bollaert-214x300.jpg 214w\" sizes=\"auto, (max-width: 351px) 100vw, 351px\" \/><\/figure><div class=\"wp-block-media-text__content\">\n<p>\u00c9crite par son fils cadet et publi\u00e9e sur Internet par son petit-fils :<br>une biographie d\u2019<strong>\u00c9mile Bollaert<\/strong>, pr\u00e9fet, r\u00e9sistant, d\u00e9port\u00e9, Haut-Commissaire en Indochine, pr\u00e9sident de la Compagnie Nationale du Rh\u00f4ne <\/p>\n<\/div><\/div>\n","protected":false},"excerpt":{"rendered":"<p>\u00c9crite par son fils cadet et publi\u00e9e sur Internet par son petit-fils :une biographie d\u2019\u00c9mile Bollaert, pr\u00e9fet, r\u00e9sistant, d\u00e9port\u00e9, Haut-Commissaire en Indochine, pr\u00e9sident de la Compagnie Nationale du Rh\u00f4ne<\/p>\n","protected":false},"author":1,"featured_media":0,"parent":0,"menu_order":0,"comment_status":"closed","ping_status":"closed","template":"","meta":{"footnotes":""},"class_list":["post-6","page","type-page","status-publish","hentry"],"_links":{"self":[{"href":"https:\/\/www.gbollaert.eu\/emile-bollaert\/wp-json\/wp\/v2\/pages\/6","targetHints":{"allow":["GET"]}}],"collection":[{"href":"https:\/\/www.gbollaert.eu\/emile-bollaert\/wp-json\/wp\/v2\/pages"}],"about":[{"href":"https:\/\/www.gbollaert.eu\/emile-bollaert\/wp-json\/wp\/v2\/types\/page"}],"author":[{"embeddable":true,"href":"https:\/\/www.gbollaert.eu\/emile-bollaert\/wp-json\/wp\/v2\/users\/1"}],"replies":[{"embeddable":true,"href":"https:\/\/www.gbollaert.eu\/emile-bollaert\/wp-json\/wp\/v2\/comments?post=6"}],"version-history":[{"count":15,"href":"https:\/\/www.gbollaert.eu\/emile-bollaert\/wp-json\/wp\/v2\/pages\/6\/revisions"}],"predecessor-version":[{"id":1516,"href":"https:\/\/www.gbollaert.eu\/emile-bollaert\/wp-json\/wp\/v2\/pages\/6\/revisions\/1516"}],"wp:attachment":[{"href":"https:\/\/www.gbollaert.eu\/emile-bollaert\/wp-json\/wp\/v2\/media?parent=6"}],"curies":[{"name":"wp","href":"https:\/\/api.w.org\/{rel}","templated":true}]}}